{"id":9571,"date":"2016-02-17T13:24:50","date_gmt":"2016-02-17T13:24:50","guid":{"rendered":"https:\/\/rostosolidario.pt\/participe\/"},"modified":"2025-09-03T16:19:03","modified_gmt":"2025-09-03T15:19:03","slug":"participe","status":"publish","type":"page","link":"https:\/\/rostosolidario.pt\/en\/participe\/","title":{"rendered":"Participe"},"content":{"rendered":"<p>[vc_row centered=&#8221;yes&#8221; bg_type=&#8221;image&#8221; parallax_style=&#8221;vcpb-default&#8221; bg_image_new=&#8221;10452|https:\/\/rostosolidario.pt\/wp-content\/uploads\/2023\/06\/Capas-Website-RS_Redes.png&#8221; bg_image_repeat=&#8221;no-repeat&#8221; sd_bg_color=&#8221;&#8221;][vc_column]<div class=\"ult-spacer spacer-69f63cccb3daf\" data-id=\"69f63cccb3daf\" data-height=\"110\" data-height-mobile=\"50\" data-height-tab=\"\" data-height-tab-portrait=\"\" data-height-mobile-landscape=\"\" style=\"clear:both;display:block;\"><\/div><div id=\"ultimate-heading-339669f63cccb3e08\" class=\"uvc-heading ultimate-heading-339669f63cccb3e08 uvc-1748 sd-text-bg-white\" data-hspacer=\"no_spacer\"  data-halign=\"left\" style=\"text-align:left\"><div class=\"uvc-heading-spacer no_spacer\" style=\"top\"><\/div><div class=\"uvc-main-heading ult-responsive\"  data-ultimate-target='.uvc-heading.ultimate-heading-339669f63cccb3e08 h1'  data-responsive-json-new='{\"font-size\":\"\",\"line-height\":\"\"}' ><h1 style=\"font-weight:normal;\">PARTICIPE<\/h1><\/div><\/div><div class=\"ult-spacer spacer-69f63cccb3e3f\" data-id=\"69f63cccb3e3f\" data-height=\"110\" data-height-mobile=\"50\" data-height-tab=\"\" data-height-tab-portrait=\"\" data-height-mobile-landscape=\"\" style=\"clear:both;display:block;\"><\/div>[\/vc_column][\/vc_row][vc_row centered=&#8221;yes&#8221; sd_margin_top=&#8221;30px&#8221;][vc_column]<div id=\"ultimate-heading-196869f63cccb3e67\" class=\"uvc-heading ultimate-heading-196869f63cccb3e67 uvc-7859 content-header\" data-hspacer=\"no_spacer\"  data-halign=\"left\" style=\"text-align:left\"><div class=\"uvc-heading-spacer no_spacer\" style=\"top\"><\/div><div class=\"uvc-main-heading ult-responsive\"  data-ultimate-target='.uvc-heading.ultimate-heading-196869f63cccb3e67 h2'  data-responsive-json-new='{\"font-size\":\"\",\"line-height\":\"\"}' ><h2 style=\"font-weight:normal;margin-bottom:5px;\">FORMAS DE AJUDAR<\/h2><\/div><\/div>[vc_row_inner][vc_column_inner][vc_column_text]Conhe\u00e7a as <strong>diferentes formas<\/strong> de ajudar a Rosto Solid\u00e1rio.<\/p>\n<p>Ao faz\u00ea-lo, est\u00e1 a:<\/p>\n<p><b style=\"font-size: 16px;\">&#8211; Apoiar os mais vulner\u00e1veis;<br \/>\n<\/b><b style=\"font-size: 16px;\">&#8211; Educar e empoderar pessoas e comunidades;<br \/>\n<\/b><b style=\"font-size: 16px;\">&#8211; Promover a solidariedade e o voluntariado;<br \/>\n&#8211; <\/b><strong>Agir em rede para influenciar lideran\u00e7as sociais e pol\u00edticas.<\/strong><\/p>\n<p>E assim contribuir para um mundo mais justo e sustent\u00e1vel![\/vc_column_text][vc_toggle title=&#8221;FA\u00c7A UM DONATIVO!&#8221; style=&#8221;square&#8221; color=&#8221;mulled_wine&#8221; size=&#8221;sm&#8221; el_id=&#8221;1460558162032-799c9ae5-c9ba&#8221; el_class=&#8221;parceria-faq&#8221;]<a href=\"https:\/\/rostosolidario.pt\/wp-content\/uploads\/2025\/09\/Ifthen-pay-2.jpg\" rel=\"PrettyPhoto[9571]\"><img loading=\"lazy\" decoding=\"async\" class=\" wp-image-16370 alignleft\" src=\"https:\/\/rostosolidario.pt\/wp-content\/uploads\/2025\/09\/Ifthen-pay-2-1024x394.jpg\" alt=\"\" width=\"489\" height=\"188\" srcset=\"https:\/\/rostosolidario.pt\/wp-content\/uploads\/2025\/09\/Ifthen-pay-2-1024x394.jpg 1024w, https:\/\/rostosolidario.pt\/wp-content\/uploads\/2025\/09\/Ifthen-pay-2-300x115.jpg 300w, https:\/\/rostosolidario.pt\/wp-content\/uploads\/2025\/09\/Ifthen-pay-2-768x295.jpg 768w, https:\/\/rostosolidario.pt\/wp-content\/uploads\/2025\/09\/Ifthen-pay-2.jpg 1300w\" sizes=\"(max-width: 489px) 100vw, 489px\" \/><\/a><\/p>\n<p>&nbsp;<\/p>\n<p>&nbsp;<\/p>\n<p>&nbsp;<\/p>\n<p>&nbsp;<\/p>\n<p>&nbsp;<\/p>\n<p>&nbsp;<\/p>\n<p>&nbsp;<\/p>\n<p>&nbsp;<\/p>\n<p>&nbsp;<\/p>\n<p>&nbsp;<\/p>\n<p>&nbsp;<\/p>\n<ul>\n<li><strong><strong><strong><strong><strong><strong><a href=\"https:\/\/bit.ly\/3IUQSZq\">Atrav\u00e9s deste Formul\u00e1rio!<\/a><br \/>\n<\/strong><\/strong><\/strong><\/strong><\/strong><\/strong><\/li>\n<\/ul>\n<p>&nbsp;<\/p>\n<ul>\n<li><strong>Transfer\u00eancia banc\u00e1ria<\/strong><br \/>\n<span class=\"TextRun SCXW90777292 BCX0\" lang=\"PT-PT\" xml:lang=\"PT-PT\" data-contrast=\"auto\"><span class=\"NormalTextRun SCXW90777292 BCX0\">Montepio: 095-10.004697-8<\/span><\/span><span class=\"LineBreakBlob BlobObject DragDrop SCXW90777292 BCX0\"><span class=\"SCXW90777292 BCX0\">\u00a0<\/span><br class=\"SCXW90777292 BCX0\" \/><\/span>IBAN: PT50-0036.0095.9910.0046.9786.6<br \/>\nSe pretender recibo, envie o comprovativo da mesma para <a href=\"mailto:geral@rostosolidario.pt\" data-linkindex=\"0\">geral@rostosolidario.pt<\/a> com nome completo, NIF, morada, email e telefone.<\/li>\n<\/ul>\n<p>&nbsp;<\/p>\n<ul>\n<li><b><span class=\"markwrzm1vnux\" data-markjs=\"true\" data-ogac=\"\" data-ogab=\"\" data-ogsc=\"\" data-ogsb=\"\">MBWAY,<\/span>\u00a0<\/b>para o n\u00famero <b>934 870 723.<br \/>\n<\/b>Se pretender recibo, no campo descri\u00e7\u00e3o preencha com o seu nome, NIF e e-mail.Os donativos t\u00eam benef\u00edcios para si.<strong><a href=\"https:\/\/rostosolidario.pt\/en\/?page_id=12266\"> Saiba mais aqui!<\/a><\/strong><\/li>\n<\/ul>\n<p>[\/vc_toggle][vc_toggle title=&#8221;CONSIGNE O SEU IRS&#8221; style=&#8221;square&#8221; color=&#8221;mulled_wine&#8221; size=&#8221;sm&#8221; el_id=&#8221;1460558680930-33257a69-f339&#8243; el_class=&#8221;parceria-faq&#8221;]<a href=\"https:\/\/rostosolidario.pt\/wp-content\/uploads\/2025\/01\/IRS.jpg\" rel=\"PrettyPhoto[9571]\"><img loading=\"lazy\" decoding=\"async\" class=\"wp-image-14865 alignleft\" src=\"https:\/\/rostosolidario.pt\/wp-content\/uploads\/2025\/01\/IRS-1024x394.jpg\" alt=\"\" width=\"421\" height=\"162\" srcset=\"https:\/\/rostosolidario.pt\/wp-content\/uploads\/2025\/01\/IRS-1024x394.jpg 1024w, https:\/\/rostosolidario.pt\/wp-content\/uploads\/2025\/01\/IRS-300x115.jpg 300w, https:\/\/rostosolidario.pt\/wp-content\/uploads\/2025\/01\/IRS-768x295.jpg 768w, https:\/\/rostosolidario.pt\/wp-content\/uploads\/2025\/01\/IRS.jpg 1300w\" sizes=\"(max-width: 421px) 100vw, 421px\" \/><\/a><\/p>\n<p>&nbsp;<\/p>\n<p>&nbsp;<\/p>\n<p>&nbsp;<\/p>\n<p>&nbsp;<\/p>\n<p>&nbsp;<\/p>\n<p>&nbsp;<\/p>\n<p>&nbsp;<\/p>\n<p>&nbsp;<\/p>\n<p>Ofere\u00e7a 1% do seu IRS \u00e0 Rosto Solid\u00e1rio, sem qualquer custo!<\/p>\n<p>A consigna\u00e7\u00e3o fiscal \u00e9 uma das formas mais simples dos cidad\u00e3os poderem ajudar as entidades do setor social.<\/p>\n<p>&nbsp;<\/p>\n<p>Ao preencher a declara\u00e7\u00e3o de IRS todos os contribuintes podem <strong>\u201cdoar\u201d 1%<\/strong> do imposto suportado.<br \/>\nPara isso, basta colocar o <strong>NIPC 508 210 054,<\/strong>\u00a0<strong>no campo 1101, do Quadro 11<\/strong>,<strong> Rosto Solid\u00e1rio<\/strong>, <strong>Modelo 3,<\/strong> da Declara\u00e7\u00e3o de Rendimentos e <strong>assinalar com um X<\/strong> a op\u00e7\u00e3o \u201c<strong>Institui\u00e7\u00f5es Particulares de Solidariedade Social<\/strong> ou Pessoas Coletivas de Utilidade <strong>P\u00fablica<\/strong>\u201d.<\/p>\n<p><b>Ofere\u00e7a<\/b><strong> 1% do seu IRS \u00e0 Rosto Solid\u00e1rio e apoie todos os seus projetos e atividades. <\/strong>Saiba mais <a href=\"https:\/\/rostosolidario.pt\/ajude-nos-a-ajudar-consigne-o-seu-irs\/\"><strong>aqui<\/strong><\/a>[\/vc_toggle][vc_toggle title=&#8221;SEJA S\u00d3CIO\/A!&#8221; style=&#8221;square&#8221; color=&#8221;mulled_wine&#8221; size=&#8221;sm&#8221; el_id=&#8221;1460558925464-c32e9756-6a23&#8243; el_class=&#8221;parceria-faq&#8221;]<strong><a href=\"https:\/\/rostosolidario.pt\/wp-content\/uploads\/2025\/09\/Ifthen-pay-3.jpg\" rel=\"PrettyPhoto[9571]\"><img loading=\"lazy\" decoding=\"async\" class=\" wp-image-16368 alignleft\" src=\"https:\/\/rostosolidario.pt\/wp-content\/uploads\/2025\/09\/Ifthen-pay-3-1024x394.jpg\" alt=\"\" width=\"413\" height=\"159\" srcset=\"https:\/\/rostosolidario.pt\/wp-content\/uploads\/2025\/09\/Ifthen-pay-3-1024x394.jpg 1024w, https:\/\/rostosolidario.pt\/wp-content\/uploads\/2025\/09\/Ifthen-pay-3-300x115.jpg 300w, https:\/\/rostosolidario.pt\/wp-content\/uploads\/2025\/09\/Ifthen-pay-3-768x295.jpg 768w, https:\/\/rostosolidario.pt\/wp-content\/uploads\/2025\/09\/Ifthen-pay-3.jpg 1300w\" sizes=\"(max-width: 413px) 100vw, 413px\" \/><\/a>A<\/strong> <strong>quota anual \u00e9 15\u20ac<\/strong>. Os valores acima, ser\u00e3o processados como donativos e podem ter <a href=\"https:\/\/rostosolidario.pt\/en\/?page_id=12266\"><strong>benef\u00edcios fiscais<\/strong><\/a> associados.<\/p>\n<p>Poder\u00e1 ser s\u00f3cio\/a, e\/ou efetuar o pagamento de quotas, pelas seguintes op\u00e7\u00f5es:<br \/>\n&#8211; <strong>Preencha este<\/strong> <a href=\"https:\/\/bit.ly\/3yJ5mKb\"><strong>formul\u00e1rio<\/strong>.<\/a><br \/>\n&#8211; <strong>Transfer\u00eancia Banc\u00e1ria<\/strong>:<br \/>\nNIB: 0036 0095 9910004697866<br \/>\nIBAN: PT50-0036.0095.9910.0046.9786.6<br \/>\n<b><span class=\"markwrzm1vnux\" data-markjs=\"true\" data-ogac=\"\" data-ogab=\"\" data-ogsc=\"\" data-ogsb=\"\">&#8211; MBWAY,<\/span> para o n\u00famero 934 870 723<br \/>\n&#8211; <a href=\"https:\/\/docs.google.com\/forms\/d\/e\/1FAIpQLSd06zG6ETwbUqvks_KrOPd8bErb0BoxFckKAbz8jg8tKundHw\/viewform\">D\u00e9bito direto<\/a>.<\/b><\/p>\n<p><strong>Se pretender recibo<\/strong><br \/>\nAp\u00f3s transfer\u00eancia: Envie o comprovativo da mesma para <a href=\"mailto:geral@rostosolidario.pt\" data-linkindex=\"0\">geral@rostosolidario.pt<\/a> com nome completo, NIF, morada, email e telefone.<br \/>\nAp\u00f3s o pagamento MBWAY: No campo descri\u00e7\u00e3o, preencha com o seu nome, NIF e e-mail.<\/p>\n<p>&nbsp;<\/p>\n<p><strong>Seja um cidad\u00e3o que se preocupa.<\/strong><\/p>\n<p>Ao ser associado\/a da Rosto Solid\u00e1rio est\u00e1 a apoiar o desenvolvimento de projetos de coopera\u00e7\u00e3o, de educa\u00e7\u00e3o para a cidadania global e de interven\u00e7\u00e3o social.<br \/>\nA A\u00e7\u00e3o da Rosto Solid\u00e1rio depende, em \u00faltima inst\u00e2ncia, da vontade dos seus associados.<\/p>\n<p>De acordo com os Estatutos da Rosto Solid\u00e1rio, os\u00a0<strong>associado\/as t\u00eam direito a<\/strong>:<\/p>\n<ol>\n<li>Participar nas atividades da Associa\u00e7\u00e3o;<\/li>\n<li>Propor iniciativas que visem alcan\u00e7ar os objetivos da Associa\u00e7\u00e3o, submetendo \u00e0 aprecia\u00e7\u00e3o da dire\u00e7\u00e3o ou da assembleia geral propostas que considerem convenientes;<\/li>\n<li>Votar e ser eleito para os \u00f3rg\u00e3os sociais;<\/li>\n<li>Tomar parte na assembleia geral;<\/li>\n<li>Examinar no fim de cada exerc\u00edcio os livros e as contas da Associa\u00e7\u00e3o;<\/li>\n<li>Examinar os livros, relat\u00f3rios e contas e demais documentos (requisitados com a anteced\u00eancia m\u00ednima de 15 dias);<\/li>\n<li>Requerer a convoca\u00e7\u00e3o da assembleia geral extraordin\u00e1ria nos termos previstos nestes estatutos.<\/li>\n<\/ol>\n<p>De acordo com os Estatutos da Rosto Solid\u00e1rio,\u00a0<strong>os\/as associados\/as\u00a0<\/strong>t\u00eam o dever de:<\/p>\n<ol>\n<li>Desempenhar com zelo e dedica\u00e7\u00e3o as fun\u00e7\u00f5es e tarefas de que sejam incumbidos;<\/li>\n<li>Comparecer \u00e0s assembleias gerais e reuni\u00f5es para que forem convocados;<\/li>\n<li>Respeitar os estatutos, as delibera\u00e7\u00f5es da assembleia geral e os regulamentos internos da Associa\u00e7\u00e3o;<\/li>\n<li>Prestar colabora\u00e7\u00e3o efetiva nas atividades que visem a prossecu\u00e7\u00e3o dos fins da Associa\u00e7\u00e3o.<\/li>\n<\/ol>\n<p>[\/vc_toggle][vc_toggle title=&#8221;DOE MULTAS&#8221; style=&#8221;square&#8221; color=&#8221;mulled_wine&#8221; size=&#8221;sm&#8221; el_class=&#8221;parceria-faq&#8221;]<\/p>\n<div>\n<p><a href=\"https:\/\/rostosolidario.pt\/wp-content\/uploads\/2024\/04\/Form_Ithenpay-3.png\" rel=\"PrettyPhoto[9571]\"><img loading=\"lazy\" decoding=\"async\" class=\" wp-image-12346 alignleft\" src=\"https:\/\/rostosolidario.pt\/wp-content\/uploads\/2024\/04\/Form_Ithenpay-3-1024x394.png\" alt=\"\" width=\"468\" height=\"180\" srcset=\"https:\/\/rostosolidario.pt\/wp-content\/uploads\/2024\/04\/Form_Ithenpay-3-1024x394.png 1024w, https:\/\/rostosolidario.pt\/wp-content\/uploads\/2024\/04\/Form_Ithenpay-3-300x115.png 300w, https:\/\/rostosolidario.pt\/wp-content\/uploads\/2024\/04\/Form_Ithenpay-3-768x295.png 768w, https:\/\/rostosolidario.pt\/wp-content\/uploads\/2024\/04\/Form_Ithenpay-3.png 1300w\" sizes=\"(max-width: 468px) 100vw, 468px\" \/><\/a><\/p>\n<p>Transforme esta obriga\u00e7\u00e3o em algo ben\u00e9fico para as pessoas que a Rosto Solid\u00e1rio apoia!<\/p>\n<p><strong>Caso tenha uma multa <\/strong>ou coima, pode <strong>revert\u00ea-la<\/strong> para a <strong>Rosto Solid\u00e1rio<\/strong>.\u00a0<br aria-hidden=\"true\" \/>Nos termos do artigo 51.\u00ba do C\u00f3digo Penal, pode transpor a entrega de uma contribui\u00e7\u00e3o monet\u00e1ria a uma institui\u00e7\u00e3o, p\u00fablica ou privada, de solidariedade social ou ao Estado.<\/p>\n<\/div>\n<div>\n<p>Como autuado\/a e forma de cumprimento da obriga\u00e7\u00e3o imposta, pode propor ao assistente ou juiz do processo, a entrega da quantia determinada como um donativo a uma <strong>institui\u00e7\u00e3o<\/strong> escolhida por si, como a Rosto Solid\u00e1rio (nos termos do artigo 281.\u00ba do C\u00f3digo de Processo Penal).<\/p>\n<\/div>\n<p>&nbsp;<\/p>\n<div>\n<p class=\"x_elementtoproof\"><strong><u>Como ter e mostrar a prova do pagamento?<\/u><\/strong><\/p>\n<\/div>\n<p>1.\u00a0 Forne\u00e7a o n\u00ba de identifica\u00e7\u00e3o do processo e os seus dados fiscais \u00e0 Rosto Solid\u00e1rio.<\/p>\n<p>2.\u00a0 Receber\u00e1 um recibo de donativo, como forma de pagamento do valor e este servir\u00e1 de prova da sua liquida\u00e7\u00e3o, junto do tribunal.<\/p>\n<div>\n<p>O valor das injun\u00e7\u00f5es pode ser uma forma de ajudar a miss\u00e3o da Rosto Solid\u00e1rio. \u00a0<br aria-hidden=\"true\" \/><strong>Transforme esta obriga\u00e7\u00e3o em algo ben\u00e9fico para as pessoas que a Rosto Solid\u00e1rio apoia<\/strong>.<\/p>\n<\/div>\n<p>[\/vc_toggle][vc_toggle title=&#8221;SEJA VOLUNT\u00c1RIO\/A!&#8221; style=&#8221;square&#8221; color=&#8221;mulled_wine&#8221; size=&#8221;sm&#8221; el_class=&#8221;parceria-faq&#8221;]<a href=\"https:\/\/rostosolidario.pt\/wp-content\/uploads\/2024\/05\/Voluntario.png\" rel=\"PrettyPhoto[9571]\"><img loading=\"lazy\" decoding=\"async\" class=\"wp-image-12866 alignleft\" src=\"https:\/\/rostosolidario.pt\/wp-content\/uploads\/2024\/05\/Voluntario-1024x394.png\" alt=\"\" width=\"486\" height=\"187\" srcset=\"https:\/\/rostosolidario.pt\/wp-content\/uploads\/2024\/05\/Voluntario-1024x394.png 1024w, https:\/\/rostosolidario.pt\/wp-content\/uploads\/2024\/05\/Voluntario-300x115.png 300w, https:\/\/rostosolidario.pt\/wp-content\/uploads\/2024\/05\/Voluntario-768x295.png 768w, https:\/\/rostosolidario.pt\/wp-content\/uploads\/2024\/05\/Voluntario.png 1300w\" sizes=\"(max-width: 486px) 100vw, 486px\" \/><\/a><\/p>\n<p>&nbsp;<\/p>\n<p>&nbsp;<\/p>\n<p>&nbsp;<\/p>\n<p>&nbsp;<\/p>\n<p>&nbsp;<\/p>\n<p>&nbsp;<\/p>\n<p>&nbsp;<\/p>\n<p>&nbsp;<\/p>\n<p>&nbsp;<\/p>\n<p>&nbsp;<\/p>\n<p>Se disp\u00f5e de tempo livre e vontade de contribuir para a miss\u00e3o da Rosto Solid\u00e1rio, partilhe connosco as suas compet\u00eancias pessoais e profissionais.<br \/>\nA Rosto Solid\u00e1rio e os Mission\u00e1rios Passionistas trabalham em parceria o voluntariado mission\u00e1rio jovem.<\/p>\n<p>Contacte-nos pelo geral@rostosolidario.pt[\/vc_toggle][\/vc_column_inner][\/vc_row_inner]<div id=\"ultimate-heading-956369f63cccb3e92\" class=\"uvc-heading ultimate-heading-956369f63cccb3e92 uvc-4822 content-header\" data-hspacer=\"no_spacer\"  data-halign=\"left\" style=\"text-align:left\"><div class=\"uvc-heading-spacer no_spacer\" style=\"top\"><\/div><div class=\"uvc-main-heading ult-responsive\"  data-ultimate-target='.uvc-heading.ultimate-heading-956369f63cccb3e92 h2'  data-responsive-json-new='{\"font-size\":\"\",\"line-height\":\"\"}' ><h2 style=\"font-weight:normal;margin-bottom:15px;\">PARTILHE OS PROJETOS DA ROSTO SOLID\u00c1RIO<\/h2><\/div><\/div>[vc_column_text css_animation=&#8221;appear&#8221;]<span style=\"color: #00609c;\">Conhecer e divulgar os projetos da Rosto Solid\u00e1rio \u00e9 ajudar-nos.<br \/>\nFale de n\u00f3s, divulgue as nossas p\u00e1ginas e acompanhe os nossos progressos.<\/span>[\/vc_column_text][\/vc_column][\/vc_row][vc_row][vc_column]<div class=\"ult-spacer spacer-69f63cccb3ebc\" data-id=\"69f63cccb3ebc\" data-height=\"21\" data-height-mobile=\"21\" data-height-tab=\"21\" data-height-tab-portrait=\"\" data-height-mobile-landscape=\"\" style=\"clear:both;display:block;\"><\/div>[\/vc_column][\/vc_row][vc_row][vc_column width=&#8221;1\/3&#8243;][\/vc_column][vc_column width=&#8221;1\/3&#8243;][vc_btn title=&#8221;FA\u00c7A UM DONATIVO!&#8221; style=&#8221;classic&#8221; color=&#8221;green&#8221; css_animation=&#8221;bounceIn&#8221; link=&#8221;url:https%3A%2F%2Fbit.ly%2F3Vq3fDN|target:_blank&#8221; css=&#8221;.vc_custom_1717406687518{margin-top: 20px !important;border-top-width: 20px !important;border-bottom-width: 20px !important;padding-bottom: 20px !important;}&#8221;][\/vc_column][vc_column width=&#8221;1\/3&#8243; css=&#8221;.vc_custom_1717406845483{margin-top: 10px !important;border-top-width: 10px !important;padding-top: 10px !important;}&#8221;][vc_btn title=&#8221;SEJA S\u00d3CIO\/A!&#8221; style=&#8221;classic&#8221; color=&#8221;green&#8221; css_animation=&#8221;bounceIn&#8221; link=&#8221;url:https%3A%2F%2Fbit.ly%2F4aN7EW3|target:_blank&#8221; css=&#8221;.vc_custom_1717406807142{margin-top: 0px !important;margin-bottom: 0px !important;border-top-width: 0px !important;border-bottom-width: 0px !important;padding-top: 0px !important;padding-bottom: 0px !important;}&#8221;][\/vc_column][\/vc_row][vc_row][vc_column]<div class=\"ult-spacer spacer-69f63cccb3ed9\" data-id=\"69f63cccb3ed9\" data-height=\"21\" data-height-mobile=\"21\" data-height-tab=\"21\" data-height-tab-portrait=\"\" data-height-mobile-landscape=\"\" style=\"clear:both;display:block;\"><\/div>[\/vc_column][\/vc_row]<\/p>\n<!-- AddThis Advanced Settings generic via filter on the_content --><!-- AddThis Share Buttons generic via filter on the_content -->","protected":false},"excerpt":{"rendered":"<p>[vc_row centered=&#8221;yes&#8221; bg_type=&#8221;image&#8221; parallax_style=&#8221;vcpb-default&#8221; bg_image_new=&#8221;10452|https:\/\/rostosolidario.pt\/wp-content\/uploads\/2023\/06\/Capas-Website-RS_Redes.png&#8221; bg_image_repeat=&#8221;no-repeat&#8221; sd_bg_color=&#8221;&#8221;][vc_column][\/vc_column][\/vc_row][vc_row centered=&#8221;yes&#8221; sd_margin_top=&#8221;30px&#8221;][vc_column][vc_row_inner][vc_column_inner][vc_column_text]Conhe\u00e7a as diferentes formas de ajudar a Rosto Solid\u00e1rio. Ao faz\u00ea-lo, est\u00e1 a: &#8211; Apoiar os mais vulner\u00e1veis; &#8211; Educar e empoderar pessoas e comunidades; &#8211; Promover a solidariedade e o voluntariado; &#8211; Agir em rede para influenciar lideran\u00e7as sociais e pol\u00edticas.<\/p>\n<p><a class=\"sd-more sd-all-trans\" href=\"https:\/\/rostosolidario.pt\/en\/participe\/#more-9571\">Read More<\/a><\/p>\n<p><!-- AddThis Advanced Settings generic via filter on get_the_excerpt --><!-- AddThis Share Buttons generic via filter on get_the_excerpt --><\/p>\n","protected":false},"author":1,"featured_media":0,"parent":0,"menu_order":0,"comment_status":"closed","ping_status":"closed","template":"full-width-page.php","meta":{"footnotes":""},"class_list":["post-9571","page","type-page","status-publish","hentry"],"_links":{"self":[{"href":"https:\/\/rostosolidario.pt\/en\/wp-json\/wp\/v2\/pages\/9571"}],"collection":[{"href":"https:\/\/rostosolidario.pt\/en\/wp-json\/wp\/v2\/pages"}],"about":[{"href":"https:\/\/rostosolidario.pt\/en\/wp-json\/wp\/v2\/types\/page"}],"author":[{"embeddable":true,"href":"https:\/\/rostosolidario.pt\/en\/wp-json\/wp\/v2\/users\/1"}],"replies":[{"embeddable":true,"href":"https:\/\/rostosolidario.pt\/en\/wp-json\/wp\/v2\/comments?post=9571"}],"version-history":[{"count":156,"href":"https:\/\/rostosolidario.pt\/en\/wp-json\/wp\/v2\/pages\/9571\/revisions"}],"predecessor-version":[{"id":16384,"href":"https:\/\/rostosolidario.pt\/en\/wp-json\/wp\/v2\/pages\/9571\/revisions\/16384"}],"wp:attachment":[{"href":"https:\/\/rostosolidario.pt\/en\/wp-json\/wp\/v2\/media?parent=9571"}],"curies":[{"name":"wp","href":"https:\/\/api.w.org\/{rel}","templated":true}]}}