{"id":9400,"date":"2016-04-12T08:38:56","date_gmt":"2016-04-12T08:38:56","guid":{"rendered":"https:\/\/rostosolidario.pt\/voluntariado\/servico-voluntario-europeu-ces\/"},"modified":"2023-12-29T16:14:49","modified_gmt":"2023-12-29T15:14:49","slug":"servico-voluntario-europeu-ces","status":"publish","type":"page","link":"https:\/\/rostosolidario.pt\/en\/voluntariado\/servico-voluntario-europeu-ces\/","title":{"rendered":"European Solidarity Corps (ESC) &#8211; Volunteering"},"content":{"rendered":"<p>[vc_row centered=&#8221;yes&#8221; bg_type=&#8221;image&#8221; parallax_style=&#8221;vcpb-default&#8221; bg_image_new=&#8221;10504|https:\/\/rostosolidario.pt\/wp-content\/uploads\/2023\/06\/Capas-Website-RS_CES-2.png&#8221; bg_image_repeat=&#8221;no-repeat&#8221; sd_bg_color=&#8221;&#8221;][vc_column]<div class=\"ult-spacer spacer-69e4ac417f85f\" data-id=\"69e4ac417f85f\" data-height=\"110\" data-height-mobile=\"50\" data-height-tab=\"\" data-height-tab-portrait=\"\" data-height-mobile-landscape=\"\" style=\"clear:both;display:block;\"><\/div><div id=\"ultimate-heading-169869e4ac417f8fa\" class=\"uvc-heading ultimate-heading-169869e4ac417f8fa uvc-8758 sd-text-bg-white\" data-hspacer=\"no_spacer\"  data-halign=\"left\" style=\"text-align:left\"><div class=\"uvc-heading-spacer no_spacer\" style=\"top\"><\/div><div class=\"uvc-main-heading ult-responsive\"  data-ultimate-target='.uvc-heading.ultimate-heading-169869e4ac417f8fa h1'  data-responsive-json-new='{\"font-size\":\"\",\"line-height\":\"\"}' ><h1 style=\"font-weight:bold;\">European Solidarity Corps (ESC)<\/h1><\/div><\/div><div class=\"ult-spacer spacer-69e4ac417f94f\" data-id=\"69e4ac417f94f\" data-height=\"110\" data-height-mobile=\"50\" data-height-tab=\"\" data-height-tab-portrait=\"\" data-height-mobile-landscape=\"\" style=\"clear:both;display:block;\"><\/div>[\/vc_column][\/vc_row][vc_row centered=&#8221;yes&#8221; padding_top=&#8221;20&#8243; padding_left=&#8221;20&#8243; sd_margin_top=&#8221;20px&#8221;][vc_column][vc_row_inner][vc_column_inner el_class=&#8221;btn_envio&#8221; width=&#8221;1\/2&#8243;]<div class=\"ultimate-call-to-action  ctaction-text-center\" style=\"font-weight:normal;font-size:16px;color:#004671;background:#a0bc73;padding-top:20px;padding-bottom:20px;\"  data-background=\"#a0bc73\"  data-background-hover=\"#a0bc73\"  data-override=\"0\" ><div class=\"uvc-ctaction-data uvc-ctaction-data-no-effect\"><strong style=\"color: #ffffff;\">SENDING ORGANIZATION<\/strong><\/div><a href=\"https:\/\/www.rostosolidario.pt\/voluntariado\/servico-voluntario-europeu-ces\/envio\/\" class=\"ulimate-call-to-action-link\" ><\/a><\/div>[\/vc_column_inner][vc_column_inner width=&#8221;1\/2&#8243;]<div class=\"ultimate-call-to-action  ctaction-text-center\" style=\"font-weight:normal;font-size:16px;color:#004671;background:#e5eff5;padding-top:20px;padding-bottom:20px;\"  data-background=\"#e5eff5\"  data-background-hover=\"#ccdfeb\"  data-override=\"0\" ><div class=\"uvc-ctaction-data uvc-ctaction-data-no-effect\"><strong>Hosting<\/strong><\/div><a href=\"https:\/\/www.rostosolidario.pt\/voluntariado\/servico-voluntario-europeu-ces\/acolhimento\/\" class=\"ulimate-call-to-action-link\" ><\/a><\/div>[\/vc_column_inner][\/vc_row_inner][\/vc_column][\/vc_row][vc_row centered=&#8221;yes&#8221; sd_margin_top=&#8221;70px&#8221;][vc_column][vc_row_inner][vc_column_inner width=&#8221;1\/2&#8243;][vc_column_text]As a result of some initiatives developed under the Youth in Action Program of the European Commission, in 2011 <em>Rosto Solid\u00e1rio<\/em> was accredited as a hosting and sending organization under the European Voluntary Service (EVS).<\/p>\n<p>EVS is an international volunteering program carried out under the Erasmus + Program. It allowed young people between the ages of 17 and 30 to express their personal commitment through unpaid voluntary service in another country within or outside the European Union.<\/p>\n<p>Today, there is a new European Union initiative, the <a href=\"https:\/\/youth.europa.eu\/solidarity\/mission_en\">European Solidarity Corps<\/a>, which aims to promote solidarity in European society by involving young people and organizations in accessible, high-quality activities. Besides volunteering activities, it also promotes internships and jobs and supports young people in managing their own solidarity projects.<\/p>\n<p><em>Rosto Solid\u00e1rio<\/em> continues to coordinate projects, support young people in sending activities and host others in Santa Maria da Feira, promoting solidarity as a value, sustainable development of communities and the environment.<\/p>\n<p>&nbsp;<\/p>\n<p>This page presents summaries of international volunteering experiences, in sending and hosting activities, coordinated by <em>Rosto Solid\u00e1rio<\/em> and\/or in partnership with partner organizations.<\/p>\n<p>Al\u00e9m das atividades de voluntariado, promove tamb\u00e9m est\u00e1gios e empregos e apoia os jovens na gest\u00e3o dos seus projetos pr\u00f3prios de solidariedade.[\/vc_column_text][\/vc_column_inner][vc_column_inner width=&#8221;1\/2&#8243;][vc_column_text]<em>Rosto Solid\u00e1rio<\/em> continues to coordinate projects, support young people in sending activities and host others in Santa Maria da Feira, promoting solidarity as a value, sustainable development of communities and the environment.<\/p>\n<p><a href=\"https:\/\/www.europasolidaria.pt\/pt\/pages\/ces-jovens\">This page<\/a> presents summaries of international volunteering experiences, in sending and hosting activities, coordinated by <em>Rosto Solid\u00e1rio<\/em> and\/or in partnership with partner organizations.<\/p>\n<p>Al\u00e9m das atividades de voluntariado, promove tamb\u00e9m est\u00e1gios e empregos e apoia os jovens na gest\u00e3o dos seus projetos pr\u00f3prios de solidariedade.<\/p>\n<p>This page presents summaries of international volunteering experiences, in hosting activities, coordinated by Rosto Solid\u00e1rio and\/or in partnership with partner organizations.<\/p>\n<p><strong>Contact us for further information:<\/strong><br \/>\n<a href=\"mailto:sve@rostosolidario.pt\">sve@rostosolidario.pt<\/a><br \/>\n256 336 001 | 929 173 288<\/p>\n<p><strong>Links of interest:<br \/>\n<\/strong><a href=\"https:\/\/www.facebook.com\/ESCrostosolidario\">Facebook<\/a><br \/>\n<a href=\"https:\/\/www.instagram.com\/voluntariado_europeu\/\">Instagram<\/a><\/p>\n<p><a href=\"https:\/\/www.europasolidaria.pt\/pt\/pages\/ces-jovens\">CES<\/a>[\/vc_column_text][\/vc_column_inner][\/vc_row_inner][\/vc_column][\/vc_row][vc_row][vc_column][vc_row_inner content_placement=&#8221;middle&#8221;][vc_column_inner][vc_separator color=&#8221;custom&#8221; accent_color=&#8221;#e5eff5&#8243;][vc_column_text css=&#8221;.vc_custom_1676481107288{padding-left: 160px !important;}&#8221;]<strong>Still have doubts about how these projects can change your life?<\/strong><\/p>\n<p>Watch this video below \ud83d\ude09<\/p>\n<p><strong>\u00a0<\/strong>[\/vc_column_text][vc_video link=&#8221;https:\/\/www.youtube.com\/watch?v=YRcWf_x7_No&amp;t=2s&#8221; el_width=&#8221;40&#8243; align=&#8221;center&#8221;][\/vc_column_inner][\/vc_row_inner][\/vc_column][vc_column]<div class=\"ubtn-ctn-center\"><a class=\"ubtn-link ubtn-center ubtn-small \" href = \"http:\/\/www.rostosolidario.pt\/voluntariado\/\" target='' ><button type=\"button\" class=\"ubtn ubtn-small ubtn-fade-bg  none  ubtn-center   tooltip-69e4ac417fa4a\"  data-hover=\"\" data-border-color=\"#00609c\" data-bg=\"#00609c\" data-hover-bg=\"#004671\" data-border-hover=\"#004671\" data-shadow-hover=\"\" data-shadow-click=\"none\" data-shadow=\"\" data-shd-shadow=\"\" style=\"font-weight:bold;border-radius:3px;border-width:1px;border-color:#00609c;border-style:solid;background: #00609c;color: #ffffff;\"><span class=\"ubtn-data ubtn-icon\"><i class=\"none\" style=\"font-size:32px;color:#ffffff;\"><\/i><\/span><span class=\"ubtn-hover\" style=\"background-color:#004671\"><\/span><span class=\"ubtn-data ubtn-text\">Back<\/span><\/button><\/a><\/div>[\/vc_column][\/vc_row]<\/p>\n<!-- AddThis Advanced Settings generic via filter on the_content --><!-- AddThis Share Buttons generic via filter on the_content -->","protected":false},"excerpt":{"rendered":"<p>[vc_row centered=&#8221;yes&#8221; bg_type=&#8221;image&#8221; parallax_style=&#8221;vcpb-default&#8221; bg_image_new=&#8221;10504|https:\/\/rostosolidario.pt\/wp-content\/uploads\/2023\/06\/Capas-Website-RS_CES-2.png&#8221; bg_image_repeat=&#8221;no-repeat&#8221; sd_bg_color=&#8221;&#8221;][vc_column][\/vc_column][\/vc_row][vc_row centered=&#8221;yes&#8221; padding_top=&#8221;20&#8243; padding_left=&#8221;20&#8243; sd_margin_top=&#8221;20px&#8221;][vc_column][vc_row_inner][vc_column_inner el_class=&#8221;btn_envio&#8221; width=&#8221;1\/2&#8243;][\/vc_column_inner][vc_column_inner width=&#8221;1\/2&#8243;][\/vc_column_inner][\/vc_row_inner][\/vc_column][\/vc_row][vc_row centered=&#8221;yes&#8221; sd_margin_top=&#8221;70px&#8221;][vc_column][vc_row_inner][vc_column_inner width=&#8221;1\/2&#8243;][vc_column_text]As a result of some initiatives developed under the Youth in Action Program of the European Commission, in 2011 Rosto Solid\u00e1rio was accredited as a hosting and sending organization under the European Voluntary Service<\/p>\n<p><a class=\"sd-more sd-all-trans\" href=\"https:\/\/rostosolidario.pt\/en\/voluntariado\/servico-voluntario-europeu-ces\/#more-9400\">Read More<\/a><\/p>\n<p><!-- AddThis Advanced Settings generic via filter on get_the_excerpt --><!-- AddThis Share Buttons generic via filter on get_the_excerpt --><\/p>\n","protected":false},"author":1,"featured_media":0,"parent":7692,"menu_order":0,"comment_status":"closed","ping_status":"closed","template":"full-width-page.php","meta":{"footnotes":""},"class_list":["post-9400","page","type-page","status-publish","hentry"],"_links":{"self":[{"href":"https:\/\/rostosolidario.pt\/en\/wp-json\/wp\/v2\/pages\/9400"}],"collection":[{"href":"https:\/\/rostosolidario.pt\/en\/wp-json\/wp\/v2\/pages"}],"about":[{"href":"https:\/\/rostosolidario.pt\/en\/wp-json\/wp\/v2\/types\/page"}],"author":[{"embeddable":true,"href":"https:\/\/rostosolidario.pt\/en\/wp-json\/wp\/v2\/users\/1"}],"replies":[{"embeddable":true,"href":"https:\/\/rostosolidario.pt\/en\/wp-json\/wp\/v2\/comments?post=9400"}],"version-history":[{"count":6,"href":"https:\/\/rostosolidario.pt\/en\/wp-json\/wp\/v2\/pages\/9400\/revisions"}],"predecessor-version":[{"id":9401,"href":"https:\/\/rostosolidario.pt\/en\/wp-json\/wp\/v2\/pages\/9400\/revisions\/9401"}],"up":[{"embeddable":true,"href":"https:\/\/rostosolidario.pt\/en\/wp-json\/wp\/v2\/pages\/7692"}],"wp:attachment":[{"href":"https:\/\/rostosolidario.pt\/en\/wp-json\/wp\/v2\/media?parent=9400"}],"curies":[{"name":"wp","href":"https:\/\/api.w.org\/{rel}","templated":true}]}}